{"id":33,"date":"2024-02-15T13:11:29","date_gmt":"2024-02-15T16:11:29","guid":{"rendered":"https:\/\/dmexpresso.com.br\/site\/?page_id=33"},"modified":"2024-03-29T11:02:08","modified_gmt":"2024-03-29T14:02:08","slug":"clientes","status":"publish","type":"page","link":"https:\/\/dmexpresso.com.br\/site\/?page_id=33","title":{"rendered":"Clientes"},"content":{"rendered":"\n<p>Na&nbsp;<strong>DM Expresso<\/strong>, a confian\u00e7a \u00e9 o alicerce do nosso relacionamento com os clientes. Estamos orgulhosos de contar com marcas renomadas que acreditam em nosso trabalho e profissionalismo. Aqui est\u00e3o alguns motivos pelos quais nossos clientes confiam em n\u00f3s:<\/p>\n\n\n\n<ol class=\"wp-block-list\">\n<li><strong>Qualidade Consistente<\/strong>: Entregamos  servi\u00e7os de alta qualidade de forma consistente. Nossos clientes sabem que podem contar conosco para atender \u00e0s suas necessidades com excel\u00eancia.<\/li>\n\n\n\n<li><strong>Transpar\u00eancia e Integridade<\/strong>: Valorizamos a transpar\u00eancia em todas as nossas intera\u00e7\u00f5es. Desde o primeiro contato at\u00e9 a entrega final, mantemos uma comunica\u00e7\u00e3o aberta e honesta com nossos clientes.<\/li>\n\n\n\n<li><strong>Compromisso com a Satisfa\u00e7\u00e3o<\/strong>: Nosso compromisso \u00e9 superar as expectativas dos clientes. Estamos sempre dispostos a ouvir feedback, resolver problemas e garantir que cada cliente esteja satisfeito.<\/li>\n\n\n\n<li><strong>Parceria de Longo Prazo<\/strong>: Muitos de nossos clientes s\u00e3o parceiros de longa data. Essa fidelidade \u00e9 um testemunho da confian\u00e7a que constru\u00edmos ao longo dos anos.<\/li>\n<\/ol>\n\n\n\n<p>Confira algumas empresas que confiam em nosso trabalho. <\/p>\n\n\n\n<p>Agradecemos a todos os nossos clientes por fazerem parte dessa jornada conosco! \ud83d\ude4c\ud83d\udd0d<\/p>\n\n\n\n<p><\/p>\n\n\n\n<figure class=\"wp-block-gallery has-nested-images columns-4 is-cropped wp-block-gallery-1 is-layout-flex wp-block-gallery-is-layout-flex\">\n<figure class=\"wp-block-image size-full is-style-default\"><img loading=\"lazy\" decoding=\"async\" width=\"479\" height=\"285\" data-id=\"79\" src=\"https:\/\/dmexpresso.com.br\/site\/wp-content\/uploads\/2024\/03\/cargo.png\" alt=\"\" class=\"wp-image-79\" srcset=\"https:\/\/dmexpresso.com.br\/site\/wp-content\/uploads\/2024\/03\/cargo.png 479w, https:\/\/dmexpresso.com.br\/site\/wp-content\/uploads\/2024\/03\/cargo-300x178.png 300w\" sizes=\"auto, (max-width: 479px) 100vw, 479px\" \/><\/figure>\n\n\n\n<figure class=\"wp-block-image size-full\"><img loading=\"lazy\" decoding=\"async\" width=\"479\" height=\"285\" data-id=\"75\" src=\"https:\/\/dmexpresso.com.br\/site\/wp-content\/uploads\/2024\/03\/casa-aura.png\" alt=\"\" class=\"wp-image-75\" srcset=\"https:\/\/dmexpresso.com.br\/site\/wp-content\/uploads\/2024\/03\/casa-aura.png 479w, https:\/\/dmexpresso.com.br\/site\/wp-content\/uploads\/2024\/03\/casa-aura-300x178.png 300w\" sizes=\"auto, (max-width: 479px) 100vw, 479px\" \/><\/figure>\n\n\n\n<figure class=\"wp-block-image size-full\"><img loading=\"lazy\" decoding=\"async\" width=\"479\" height=\"285\" data-id=\"77\" src=\"https:\/\/dmexpresso.com.br\/site\/wp-content\/uploads\/2024\/03\/chevals.png\" alt=\"\" class=\"wp-image-77\" srcset=\"https:\/\/dmexpresso.com.br\/site\/wp-content\/uploads\/2024\/03\/chevals.png 479w, https:\/\/dmexpresso.com.br\/site\/wp-content\/uploads\/2024\/03\/chevals-300x178.png 300w\" sizes=\"auto, (max-width: 479px) 100vw, 479px\" \/><\/figure>\n\n\n\n<figure class=\"wp-block-image size-full\"><img loading=\"lazy\" decoding=\"async\" width=\"479\" height=\"285\" data-id=\"76\" src=\"https:\/\/dmexpresso.com.br\/site\/wp-content\/uploads\/2024\/03\/cirurgica-carmo.png\" alt=\"\" class=\"wp-image-76\" srcset=\"https:\/\/dmexpresso.com.br\/site\/wp-content\/uploads\/2024\/03\/cirurgica-carmo.png 479w, https:\/\/dmexpresso.com.br\/site\/wp-content\/uploads\/2024\/03\/cirurgica-carmo-300x178.png 300w\" sizes=\"auto, (max-width: 479px) 100vw, 479px\" \/><\/figure>\n\n\n\n<figure class=\"wp-block-image size-full\"><img loading=\"lazy\" decoding=\"async\" width=\"479\" height=\"285\" data-id=\"78\" src=\"https:\/\/dmexpresso.com.br\/site\/wp-content\/uploads\/2024\/03\/conexus.png\" alt=\"\" class=\"wp-image-78\" srcset=\"https:\/\/dmexpresso.com.br\/site\/wp-content\/uploads\/2024\/03\/conexus.png 479w, https:\/\/dmexpresso.com.br\/site\/wp-content\/uploads\/2024\/03\/conexus-300x178.png 300w\" sizes=\"auto, (max-width: 479px) 100vw, 479px\" \/><\/figure>\n\n\n\n<figure class=\"wp-block-image size-full\"><img loading=\"lazy\" decoding=\"async\" width=\"479\" height=\"285\" data-id=\"80\" src=\"https:\/\/dmexpresso.com.br\/site\/wp-content\/uploads\/2024\/03\/contabilidade-mercuriun.png\" alt=\"\" class=\"wp-image-80\" srcset=\"https:\/\/dmexpresso.com.br\/site\/wp-content\/uploads\/2024\/03\/contabilidade-mercuriun.png 479w, https:\/\/dmexpresso.com.br\/site\/wp-content\/uploads\/2024\/03\/contabilidade-mercuriun-300x178.png 300w\" sizes=\"auto, (max-width: 479px) 100vw, 479px\" \/><\/figure>\n\n\n\n<figure class=\"wp-block-image size-full\"><img loading=\"lazy\" decoding=\"async\" width=\"479\" height=\"285\" data-id=\"81\" src=\"https:\/\/dmexpresso.com.br\/site\/wp-content\/uploads\/2024\/03\/fat-buddah.png\" alt=\"\" class=\"wp-image-81\" srcset=\"https:\/\/dmexpresso.com.br\/site\/wp-content\/uploads\/2024\/03\/fat-buddah.png 479w, https:\/\/dmexpresso.com.br\/site\/wp-content\/uploads\/2024\/03\/fat-buddah-300x178.png 300w\" sizes=\"auto, (max-width: 479px) 100vw, 479px\" \/><\/figure>\n\n\n\n<figure class=\"wp-block-image size-full\"><img loading=\"lazy\" decoding=\"async\" width=\"479\" height=\"285\" data-id=\"82\" src=\"https:\/\/dmexpresso.com.br\/site\/wp-content\/uploads\/2024\/03\/fisioderma.png\" alt=\"\" class=\"wp-image-82\" srcset=\"https:\/\/dmexpresso.com.br\/site\/wp-content\/uploads\/2024\/03\/fisioderma.png 479w, https:\/\/dmexpresso.com.br\/site\/wp-content\/uploads\/2024\/03\/fisioderma-300x178.png 300w\" sizes=\"auto, (max-width: 479px) 100vw, 479px\" \/><\/figure>\n\n\n\n<figure class=\"wp-block-image size-full\"><img loading=\"lazy\" decoding=\"async\" width=\"479\" height=\"285\" data-id=\"83\" src=\"https:\/\/dmexpresso.com.br\/site\/wp-content\/uploads\/2024\/03\/intituto-paulucci.png\" alt=\"\" class=\"wp-image-83\" srcset=\"https:\/\/dmexpresso.com.br\/site\/wp-content\/uploads\/2024\/03\/intituto-paulucci.png 479w, https:\/\/dmexpresso.com.br\/site\/wp-content\/uploads\/2024\/03\/intituto-paulucci-300x178.png 300w\" sizes=\"auto, (max-width: 479px) 100vw, 479px\" \/><\/figure>\n\n\n\n<figure class=\"wp-block-image size-full\"><img loading=\"lazy\" decoding=\"async\" width=\"479\" height=\"285\" data-id=\"84\" src=\"https:\/\/dmexpresso.com.br\/site\/wp-content\/uploads\/2024\/03\/liberum.png\" alt=\"\" class=\"wp-image-84\" srcset=\"https:\/\/dmexpresso.com.br\/site\/wp-content\/uploads\/2024\/03\/liberum.png 479w, https:\/\/dmexpresso.com.br\/site\/wp-content\/uploads\/2024\/03\/liberum-300x178.png 300w\" sizes=\"auto, (max-width: 479px) 100vw, 479px\" \/><\/figure>\n\n\n\n<figure class=\"wp-block-image size-full\"><img loading=\"lazy\" decoding=\"async\" width=\"479\" height=\"285\" data-id=\"85\" src=\"https:\/\/dmexpresso.com.br\/site\/wp-content\/uploads\/2024\/03\/liberwines.png\" alt=\"\" class=\"wp-image-85\" srcset=\"https:\/\/dmexpresso.com.br\/site\/wp-content\/uploads\/2024\/03\/liberwines.png 479w, https:\/\/dmexpresso.com.br\/site\/wp-content\/uploads\/2024\/03\/liberwines-300x178.png 300w\" sizes=\"auto, (max-width: 479px) 100vw, 479px\" \/><\/figure>\n\n\n\n<figure class=\"wp-block-image size-full\"><img loading=\"lazy\" decoding=\"async\" width=\"479\" height=\"285\" data-id=\"86\" src=\"https:\/\/dmexpresso.com.br\/site\/wp-content\/uploads\/2024\/03\/loft.png\" alt=\"\" class=\"wp-image-86\" srcset=\"https:\/\/dmexpresso.com.br\/site\/wp-content\/uploads\/2024\/03\/loft.png 479w, https:\/\/dmexpresso.com.br\/site\/wp-content\/uploads\/2024\/03\/loft-300x178.png 300w\" sizes=\"auto, (max-width: 479px) 100vw, 479px\" \/><\/figure>\n\n\n\n<figure class=\"wp-block-image size-full\"><img loading=\"lazy\" decoding=\"async\" width=\"479\" height=\"285\" data-id=\"87\" src=\"https:\/\/dmexpresso.com.br\/site\/wp-content\/uploads\/2024\/03\/made-in-beaga.png\" alt=\"\" class=\"wp-image-87\" srcset=\"https:\/\/dmexpresso.com.br\/site\/wp-content\/uploads\/2024\/03\/made-in-beaga.png 479w, https:\/\/dmexpresso.com.br\/site\/wp-content\/uploads\/2024\/03\/made-in-beaga-300x178.png 300w\" sizes=\"auto, (max-width: 479px) 100vw, 479px\" \/><\/figure>\n\n\n\n<figure class=\"wp-block-image size-full\"><img loading=\"lazy\" decoding=\"async\" width=\"479\" height=\"285\" data-id=\"88\" src=\"https:\/\/dmexpresso.com.br\/site\/wp-content\/uploads\/2024\/03\/melo-moreira.png\" alt=\"\" class=\"wp-image-88\" srcset=\"https:\/\/dmexpresso.com.br\/site\/wp-content\/uploads\/2024\/03\/melo-moreira.png 479w, https:\/\/dmexpresso.com.br\/site\/wp-content\/uploads\/2024\/03\/melo-moreira-300x178.png 300w\" sizes=\"auto, (max-width: 479px) 100vw, 479px\" \/><\/figure>\n\n\n\n<figure class=\"wp-block-image size-full\"><img loading=\"lazy\" decoding=\"async\" width=\"479\" height=\"285\" data-id=\"89\" src=\"https:\/\/dmexpresso.com.br\/site\/wp-content\/uploads\/2024\/03\/opus.png\" alt=\"\" class=\"wp-image-89\" srcset=\"https:\/\/dmexpresso.com.br\/site\/wp-content\/uploads\/2024\/03\/opus.png 479w, https:\/\/dmexpresso.com.br\/site\/wp-content\/uploads\/2024\/03\/opus-300x178.png 300w\" sizes=\"auto, (max-width: 479px) 100vw, 479px\" \/><\/figure>\n\n\n\n<figure class=\"wp-block-image size-full\"><img loading=\"lazy\" decoding=\"async\" width=\"479\" height=\"285\" data-id=\"90\" src=\"https:\/\/dmexpresso.com.br\/site\/wp-content\/uploads\/2024\/03\/ponta-adm.png\" alt=\"\" class=\"wp-image-90\" srcset=\"https:\/\/dmexpresso.com.br\/site\/wp-content\/uploads\/2024\/03\/ponta-adm.png 479w, https:\/\/dmexpresso.com.br\/site\/wp-content\/uploads\/2024\/03\/ponta-adm-300x178.png 300w\" sizes=\"auto, (max-width: 479px) 100vw, 479px\" \/><\/figure>\n\n\n\n<figure class=\"wp-block-image size-full\"><img loading=\"lazy\" decoding=\"async\" width=\"479\" height=\"285\" data-id=\"91\" src=\"https:\/\/dmexpresso.com.br\/site\/wp-content\/uploads\/2024\/03\/ponto-do-incendio.png\" alt=\"\" class=\"wp-image-91\" srcset=\"https:\/\/dmexpresso.com.br\/site\/wp-content\/uploads\/2024\/03\/ponto-do-incendio.png 479w, https:\/\/dmexpresso.com.br\/site\/wp-content\/uploads\/2024\/03\/ponto-do-incendio-300x178.png 300w\" sizes=\"auto, (max-width: 479px) 100vw, 479px\" \/><\/figure>\n\n\n\n<figure class=\"wp-block-image size-full\"><img loading=\"lazy\" decoding=\"async\" width=\"479\" height=\"285\" data-id=\"92\" src=\"https:\/\/dmexpresso.com.br\/site\/wp-content\/uploads\/2024\/03\/ramada.png\" alt=\"\" class=\"wp-image-92\" srcset=\"https:\/\/dmexpresso.com.br\/site\/wp-content\/uploads\/2024\/03\/ramada.png 479w, https:\/\/dmexpresso.com.br\/site\/wp-content\/uploads\/2024\/03\/ramada-300x178.png 300w\" sizes=\"auto, (max-width: 479px) 100vw, 479px\" \/><\/figure>\n\n\n\n<figure class=\"wp-block-image size-full\"><img loading=\"lazy\" decoding=\"async\" width=\"479\" height=\"285\" data-id=\"93\" src=\"https:\/\/dmexpresso.com.br\/site\/wp-content\/uploads\/2024\/03\/se.png\" alt=\"\" class=\"wp-image-93\" srcset=\"https:\/\/dmexpresso.com.br\/site\/wp-content\/uploads\/2024\/03\/se.png 479w, https:\/\/dmexpresso.com.br\/site\/wp-content\/uploads\/2024\/03\/se-300x178.png 300w\" sizes=\"auto, (max-width: 479px) 100vw, 479px\" \/><\/figure>\n\n\n\n<figure class=\"wp-block-image size-full\"><img loading=\"lazy\" decoding=\"async\" width=\"479\" height=\"285\" data-id=\"94\" src=\"https:\/\/dmexpresso.com.br\/site\/wp-content\/uploads\/2024\/03\/tuma.png\" alt=\"\" class=\"wp-image-94\" srcset=\"https:\/\/dmexpresso.com.br\/site\/wp-content\/uploads\/2024\/03\/tuma.png 479w, https:\/\/dmexpresso.com.br\/site\/wp-content\/uploads\/2024\/03\/tuma-300x178.png 300w\" sizes=\"auto, (max-width: 479px) 100vw, 479px\" \/><\/figure>\n\n\n\n<figure class=\"wp-block-image size-full\"><img loading=\"lazy\" decoding=\"async\" width=\"479\" height=\"285\" data-id=\"95\" src=\"https:\/\/dmexpresso.com.br\/site\/wp-content\/uploads\/2024\/03\/vgimports.png\" alt=\"\" class=\"wp-image-95\" srcset=\"https:\/\/dmexpresso.com.br\/site\/wp-content\/uploads\/2024\/03\/vgimports.png 479w, https:\/\/dmexpresso.com.br\/site\/wp-content\/uploads\/2024\/03\/vgimports-300x178.png 300w\" sizes=\"auto, (max-width: 479px) 100vw, 479px\" \/><\/figure>\n\n\n\n<figure class=\"wp-block-image size-full\"><img loading=\"lazy\" decoding=\"async\" width=\"479\" height=\"285\" data-id=\"96\" src=\"https:\/\/dmexpresso.com.br\/site\/wp-content\/uploads\/2024\/03\/waz.png\" alt=\"\" class=\"wp-image-96\" srcset=\"https:\/\/dmexpresso.com.br\/site\/wp-content\/uploads\/2024\/03\/waz.png 479w, https:\/\/dmexpresso.com.br\/site\/wp-content\/uploads\/2024\/03\/waz-300x178.png 300w\" sizes=\"auto, (max-width: 479px) 100vw, 479px\" \/><\/figure>\n\n\n\n<figure class=\"wp-block-image size-full\"><img loading=\"lazy\" decoding=\"async\" width=\"480\" height=\"285\" data-id=\"107\" src=\"https:\/\/dmexpresso.com.br\/site\/wp-content\/uploads\/2024\/03\/sicoob-1.png\" alt=\"\" class=\"wp-image-107\" srcset=\"https:\/\/dmexpresso.com.br\/site\/wp-content\/uploads\/2024\/03\/sicoob-1.png 480w, https:\/\/dmexpresso.com.br\/site\/wp-content\/uploads\/2024\/03\/sicoob-1-300x178.png 300w\" sizes=\"auto, (max-width: 480px) 100vw, 480px\" \/><\/figure>\n\n\n\n<figure class=\"wp-block-image size-full\"><img loading=\"lazy\" decoding=\"async\" width=\"480\" height=\"285\" data-id=\"117\" src=\"https:\/\/dmexpresso.com.br\/site\/wp-content\/uploads\/2024\/03\/dti.png\" alt=\"\" class=\"wp-image-117\" srcset=\"https:\/\/dmexpresso.com.br\/site\/wp-content\/uploads\/2024\/03\/dti.png 480w, https:\/\/dmexpresso.com.br\/site\/wp-content\/uploads\/2024\/03\/dti-300x178.png 300w\" sizes=\"auto, (max-width: 480px) 100vw, 480px\" \/><\/figure>\n\n\n\n<figure class=\"wp-block-image size-full\"><img loading=\"lazy\" decoding=\"async\" width=\"479\" height=\"285\" data-id=\"122\" src=\"https:\/\/dmexpresso.com.br\/site\/wp-content\/uploads\/2024\/03\/logofocus.png\" alt=\"\" class=\"wp-image-122\" srcset=\"https:\/\/dmexpresso.com.br\/site\/wp-content\/uploads\/2024\/03\/logofocus.png 479w, https:\/\/dmexpresso.com.br\/site\/wp-content\/uploads\/2024\/03\/logofocus-300x178.png 300w\" sizes=\"auto, (max-width: 479px) 100vw, 479px\" \/><\/figure>\n\n\n\n<figure class=\"wp-block-image size-full\"><img loading=\"lazy\" decoding=\"async\" width=\"479\" height=\"285\" data-id=\"123\" src=\"https:\/\/dmexpresso.com.br\/site\/wp-content\/uploads\/2024\/03\/viver.png\" alt=\"\" class=\"wp-image-123\" srcset=\"https:\/\/dmexpresso.com.br\/site\/wp-content\/uploads\/2024\/03\/viver.png 479w, https:\/\/dmexpresso.com.br\/site\/wp-content\/uploads\/2024\/03\/viver-300x178.png 300w\" sizes=\"auto, (max-width: 479px) 100vw, 479px\" \/><\/figure>\n\n\n\n<figure class=\"wp-block-image size-full\"><img loading=\"lazy\" decoding=\"async\" width=\"476\" height=\"283\" data-id=\"101\" src=\"https:\/\/dmexpresso.com.br\/site\/wp-content\/uploads\/2024\/03\/zlogovazio-1.png\" alt=\"\" class=\"wp-image-101\" srcset=\"https:\/\/dmexpresso.com.br\/site\/wp-content\/uploads\/2024\/03\/zlogovazio-1.png 476w, https:\/\/dmexpresso.com.br\/site\/wp-content\/uploads\/2024\/03\/zlogovazio-1-300x178.png 300w\" sizes=\"auto, (max-width: 476px) 100vw, 476px\" \/><\/figure>\n\n\n\n<figure class=\"wp-block-image size-full\"><img loading=\"lazy\" decoding=\"async\" width=\"476\" height=\"283\" data-id=\"100\" src=\"https:\/\/dmexpresso.com.br\/site\/wp-content\/uploads\/2024\/03\/zlogovazio.png\" alt=\"\" class=\"wp-image-100\" srcset=\"https:\/\/dmexpresso.com.br\/site\/wp-content\/uploads\/2024\/03\/zlogovazio.png 476w, https:\/\/dmexpresso.com.br\/site\/wp-content\/uploads\/2024\/03\/zlogovazio-300x178.png 300w\" sizes=\"auto, (max-width: 476px) 100vw, 476px\" \/><\/figure>\n<\/figure>\n","protected":false},"excerpt":{"rendered":"<p>Na&nbsp;DM Expresso, a confian\u00e7a \u00e9 o alicerce do nosso relacionamento com os clientes. Estamos orgulhosos de contar com marcas renomadas que acreditam em nosso trabalho e profissionalismo. Aqui est\u00e3o alguns motivos pelos quais nossos clientes confiam em n\u00f3s: Confira algumas empresas que confiam em nosso trabalho. Agradecemos a todos os nossos clientes por fazerem parte [&hellip;]<\/p>\n","protected":false},"author":1,"featured_media":0,"parent":0,"menu_order":0,"comment_status":"closed","ping_status":"closed","template":"","meta":{"advgb_blocks_editor_width":"","advgb_blocks_columns_visual_guide":"","_themeisle_gutenberg_block_has_review":false,"footnotes":""},"class_list":["post-33","page","type-page","status-publish","hentry"],"guten_post_layout_featured_media_urls":{"full":false,"thumbnail":false,"medium":false,"medium_large":false,"large":false,"1536x1536":false,"2048x2048":false,"ultp_layout_landscape_large":false,"ultp_layout_landscape":false,"ultp_layout_portrait":false,"ultp_layout_square":false,"guten_post_layout_landscape_large":false,"guten_post_layout_portrait_large":false,"guten_post_layout_square_large":false,"guten_post_layout_landscape":false,"guten_post_layout_portrait":false,"guten_post_layout_square":false,"coblog-1140-600":false},"coauthors":[],"author_meta":{"author_link":"https:\/\/dmexpresso.com.br\/site\/?author=1","display_name":"universo"},"relative_dates":{"created":"Posted 2 anos ago","modified":"Updated 2 anos ago"},"absolute_dates":{"created":"Posted on 15 de fevereiro de 2024","modified":"Updated on 29 de mar\u00e7o de 2024"},"absolute_dates_time":{"created":"Posted on 15 de fevereiro de 2024 13:11","modified":"Updated on 29 de mar\u00e7o de 2024 11:02"},"featured_img_caption":"","featured_img":false,"series_order":"","_links":{"self":[{"href":"https:\/\/dmexpresso.com.br\/site\/index.php?rest_route=\/wp\/v2\/pages\/33","targetHints":{"allow":["GET"]}}],"collection":[{"href":"https:\/\/dmexpresso.com.br\/site\/index.php?rest_route=\/wp\/v2\/pages"}],"about":[{"href":"https:\/\/dmexpresso.com.br\/site\/index.php?rest_route=\/wp\/v2\/types\/page"}],"author":[{"embeddable":true,"href":"https:\/\/dmexpresso.com.br\/site\/index.php?rest_route=\/wp\/v2\/users\/1"}],"replies":[{"embeddable":true,"href":"https:\/\/dmexpresso.com.br\/site\/index.php?rest_route=%2Fwp%2Fv2%2Fcomments&post=33"}],"version-history":[{"count":7,"href":"https:\/\/dmexpresso.com.br\/site\/index.php?rest_route=\/wp\/v2\/pages\/33\/revisions"}],"predecessor-version":[{"id":125,"href":"https:\/\/dmexpresso.com.br\/site\/index.php?rest_route=\/wp\/v2\/pages\/33\/revisions\/125"}],"wp:attachment":[{"href":"https:\/\/dmexpresso.com.br\/site\/index.php?rest_route=%2Fwp%2Fv2%2Fmedia&parent=33"}],"curies":[{"name":"wp","href":"https:\/\/api.w.org\/{rel}","templated":true}]}}