{"id":24,"date":"2024-02-12T10:35:31","date_gmt":"2024-02-12T13:35:31","guid":{"rendered":"https:\/\/dmexpresso.com.br\/site\/?page_id=24"},"modified":"2024-03-20T20:43:11","modified_gmt":"2024-03-20T23:43:11","slug":"fale-conosco","status":"publish","type":"page","link":"https:\/\/dmexpresso.com.br\/site\/?page_id=24","title":{"rendered":"Fale conosco"},"content":{"rendered":"\n<p>Estamos aqui para facilitar sua comunica\u00e7\u00e3o conosco. Se voc\u00ea tiver d\u00favidas, sugest\u00f5es ou desejar mais informa\u00e7\u00f5es sobre nossos servi\u00e7os, por favor, n\u00e3o hesite em entrar em contato conosco.<\/p>\n\n\n\n<p><strong>Endere\u00e7o:<\/strong> Rua Araguari 359 Shopping &#8211; Savanah Mal &#8211; Piso t\u00e9rreo \/ Barro preto\u00a0\/ CEP:\u00a030190-110<br><strong>Telefones: <\/strong>31 3018-5006 (fixo) \/ 3018-6005 (fixo) 99544-5720 (Whatsapp)<br><strong>E-mail:<\/strong> contato@dmexpresso.com.br<\/p>\n\n\n\n<iframe src=\"https:\/\/www.google.com\/maps\/embed?pb=!1m18!1m12!1m3!1d8420.81835436606!2d-43.952338686503815!3d-19.922371805340408!2m3!1f0!2f0!3f0!3m2!1i1024!2i768!4f13.1!3m3!1m2!1s0xa697595812559d%3A0x77dd5ee6f8ce3ab8!2sR.%20Araguari%2C%20359%20-%20Barro%20Preto%2C%20Belo%20Horizonte%20-%20MG%2C%2030190-110!5e0!3m2!1spt-BR!2sbr!4v1710977838737!5m2!1spt-BR!2sbr\" width=\"1140\" height=\"450\" style=\"border:0;\" allowfullscreen=\"\" loading=\"lazy\" referrerpolicy=\"no-referrer-when-downgrade\"><\/iframe>\n\n\n\n<ul class=\"wp-block-list\"><\/ul>\n","protected":false},"excerpt":{"rendered":"<p>Estamos aqui para facilitar sua comunica\u00e7\u00e3o conosco. Se voc\u00ea tiver d\u00favidas, sugest\u00f5es ou desejar mais informa\u00e7\u00f5es sobre nossos servi\u00e7os, por favor, n\u00e3o hesite em entrar em contato conosco. Endere\u00e7o: Rua Araguari 359 Shopping &#8211; Savanah Mal &#8211; Piso t\u00e9rreo \/ Barro preto\u00a0\/ CEP:\u00a030190-110Telefones: 31 3018-5006 (fixo) \/ 3018-6005 (fixo) 99544-5720 (Whatsapp)E-mail: contato@dmexpresso.com.br<\/p>\n","protected":false},"author":1,"featured_media":0,"parent":0,"menu_order":0,"comment_status":"closed","ping_status":"closed","template":"","meta":{"advgb_blocks_editor_width":"","advgb_blocks_columns_visual_guide":"","_themeisle_gutenberg_block_has_review":false,"footnotes":""},"class_list":["post-24","page","type-page","status-publish","hentry"],"guten_post_layout_featured_media_urls":{"full":false,"thumbnail":false,"medium":false,"medium_large":false,"large":false,"1536x1536":false,"2048x2048":false,"ultp_layout_landscape_large":false,"ultp_layout_landscape":false,"ultp_layout_portrait":false,"ultp_layout_square":false,"guten_post_layout_landscape_large":false,"guten_post_layout_portrait_large":false,"guten_post_layout_square_large":false,"guten_post_layout_landscape":false,"guten_post_layout_portrait":false,"guten_post_layout_square":false,"coblog-1140-600":false},"coauthors":[],"author_meta":{"author_link":"https:\/\/dmexpresso.com.br\/site\/?author=1","display_name":"universo"},"relative_dates":{"created":"Posted 2 anos ago","modified":"Updated 2 anos ago"},"absolute_dates":{"created":"Posted on 12 de fevereiro de 2024","modified":"Updated on 20 de mar\u00e7o de 2024"},"absolute_dates_time":{"created":"Posted on 12 de fevereiro de 2024 10:35","modified":"Updated on 20 de mar\u00e7o de 2024 20:43"},"featured_img_caption":"","featured_img":false,"series_order":"","_links":{"self":[{"href":"https:\/\/dmexpresso.com.br\/site\/index.php?rest_route=\/wp\/v2\/pages\/24","targetHints":{"allow":["GET"]}}],"collection":[{"href":"https:\/\/dmexpresso.com.br\/site\/index.php?rest_route=\/wp\/v2\/pages"}],"about":[{"href":"https:\/\/dmexpresso.com.br\/site\/index.php?rest_route=\/wp\/v2\/types\/page"}],"author":[{"embeddable":true,"href":"https:\/\/dmexpresso.com.br\/site\/index.php?rest_route=\/wp\/v2\/users\/1"}],"replies":[{"embeddable":true,"href":"https:\/\/dmexpresso.com.br\/site\/index.php?rest_route=%2Fwp%2Fv2%2Fcomments&post=24"}],"version-history":[{"count":6,"href":"https:\/\/dmexpresso.com.br\/site\/index.php?rest_route=\/wp\/v2\/pages\/24\/revisions"}],"predecessor-version":[{"id":113,"href":"https:\/\/dmexpresso.com.br\/site\/index.php?rest_route=\/wp\/v2\/pages\/24\/revisions\/113"}],"wp:attachment":[{"href":"https:\/\/dmexpresso.com.br\/site\/index.php?rest_route=%2Fwp%2Fv2%2Fmedia&parent=24"}],"curies":[{"name":"wp","href":"https:\/\/api.w.org\/{rel}","templated":true}]}}