{"id":22,"date":"2024-02-12T10:34:44","date_gmt":"2024-02-12T13:34:44","guid":{"rendered":"https:\/\/dmexpresso.com.br\/site\/?page_id=22"},"modified":"2024-03-20T20:46:42","modified_gmt":"2024-03-20T23:46:42","slug":"servicos","status":"publish","type":"page","link":"https:\/\/dmexpresso.com.br\/site\/?page_id=22","title":{"rendered":"Servi\u00e7os"},"content":{"rendered":"\n<p><strong>A DM Expresso \u00e9 a sua parceira confi\u00e1vel em servi\u00e7os de entrega e coleta r\u00e1pida.<\/strong> <\/p>\n\n\n\n<p>Com um compromisso s\u00f3lido com a satisfa\u00e7\u00e3o do cliente, oferecemos uma gama abrangente de servi\u00e7os adaptados \u00e0s necessidades de pessoas f\u00edsicas e jur\u00eddicas.<\/p>\n\n\n\n<p>Somos especializados em entregas espor\u00e1dicas e frequentes, estamos prontos para atender suas demandas, seja para entrega de encomendas, convites ou qualquer outra necessidade log\u00edstica. Al\u00e9m disso, oferecemos servi\u00e7os especializados de coleta e entrega em bancos e cart\u00f3rios, proporcionando praticidade e agilidade em suas opera\u00e7\u00f5es cotidianas.<\/p>\n\n\n\n<p>Com uma equipe dedicada e ve\u00edculos equipados, garantimos a seguran\u00e7a e a integridade de suas encomendas durante todo o processo de transporte. Nossos servi\u00e7os abrangem tanto entregas por carro quanto por moto, permitindo flexibilidade e rapidez conforme suas necessidades espec\u00edficas.<\/p>\n\n\n\n<p>Na DM Expresso, nosso compromisso \u00e9 fornecer solu\u00e7\u00f5es de entrega confi\u00e1veis e eficientes, para que voc\u00ea possa contar conosco sempre que precisar. Entre em contato conosco hoje mesmo para descobrir como podemos atender \u00e0s suas necessidades log\u00edsticas de forma r\u00e1pida e profissional.<\/p>\n","protected":false},"excerpt":{"rendered":"<p>A DM Expresso \u00e9 a sua parceira confi\u00e1vel em servi\u00e7os de entrega e coleta r\u00e1pida. Com um compromisso s\u00f3lido com a satisfa\u00e7\u00e3o do cliente, oferecemos uma gama abrangente de servi\u00e7os adaptados \u00e0s necessidades de pessoas f\u00edsicas e jur\u00eddicas. Somos especializados em entregas espor\u00e1dicas e frequentes, estamos prontos para atender suas demandas, seja para entrega de [&hellip;]<\/p>\n","protected":false},"author":1,"featured_media":0,"parent":0,"menu_order":0,"comment_status":"closed","ping_status":"closed","template":"","meta":{"advgb_blocks_editor_width":"","advgb_blocks_columns_visual_guide":"","_themeisle_gutenberg_block_has_review":false,"footnotes":""},"class_list":["post-22","page","type-page","status-publish","hentry"],"guten_post_layout_featured_media_urls":{"full":false,"thumbnail":false,"medium":false,"medium_large":false,"large":false,"1536x1536":false,"2048x2048":false,"ultp_layout_landscape_large":false,"ultp_layout_landscape":false,"ultp_layout_portrait":false,"ultp_layout_square":false,"guten_post_layout_landscape_large":false,"guten_post_layout_portrait_large":false,"guten_post_layout_square_large":false,"guten_post_layout_landscape":false,"guten_post_layout_portrait":false,"guten_post_layout_square":false,"coblog-1140-600":false},"coauthors":[],"author_meta":{"author_link":"https:\/\/dmexpresso.com.br\/site\/?author=1","display_name":"universo"},"relative_dates":{"created":"Posted 2 anos ago","modified":"Updated 2 anos ago"},"absolute_dates":{"created":"Posted on 12 de fevereiro de 2024","modified":"Updated on 20 de mar\u00e7o de 2024"},"absolute_dates_time":{"created":"Posted on 12 de fevereiro de 2024 10:34","modified":"Updated on 20 de mar\u00e7o de 2024 20:46"},"featured_img_caption":"","featured_img":false,"series_order":"","_links":{"self":[{"href":"https:\/\/dmexpresso.com.br\/site\/index.php?rest_route=\/wp\/v2\/pages\/22","targetHints":{"allow":["GET"]}}],"collection":[{"href":"https:\/\/dmexpresso.com.br\/site\/index.php?rest_route=\/wp\/v2\/pages"}],"about":[{"href":"https:\/\/dmexpresso.com.br\/site\/index.php?rest_route=\/wp\/v2\/types\/page"}],"author":[{"embeddable":true,"href":"https:\/\/dmexpresso.com.br\/site\/index.php?rest_route=\/wp\/v2\/users\/1"}],"replies":[{"embeddable":true,"href":"https:\/\/dmexpresso.com.br\/site\/index.php?rest_route=%2Fwp%2Fv2%2Fcomments&post=22"}],"version-history":[{"count":2,"href":"https:\/\/dmexpresso.com.br\/site\/index.php?rest_route=\/wp\/v2\/pages\/22\/revisions"}],"predecessor-version":[{"id":115,"href":"https:\/\/dmexpresso.com.br\/site\/index.php?rest_route=\/wp\/v2\/pages\/22\/revisions\/115"}],"wp:attachment":[{"href":"https:\/\/dmexpresso.com.br\/site\/index.php?rest_route=%2Fwp%2Fv2%2Fmedia&parent=22"}],"curies":[{"name":"wp","href":"https:\/\/api.w.org\/{rel}","templated":true}]}}