{"id":20,"date":"2024-02-12T10:34:11","date_gmt":"2024-02-12T13:34:11","guid":{"rendered":"https:\/\/dmexpresso.com.br\/site\/?page_id=20"},"modified":"2024-03-29T10:47:20","modified_gmt":"2024-03-29T13:47:20","slug":"sobre-nos","status":"publish","type":"page","link":"https:\/\/dmexpresso.com.br\/site\/?page_id=20","title":{"rendered":"Sobre n\u00f3s"},"content":{"rendered":"\n<p><\/p>\n\n\n<p><img loading=\"lazy\" decoding=\"async\" class=\"alignnone wp-image-119 size-medium\" src=\"https:\/\/dmexpresso.com.br\/site\/wp-content\/uploads\/2024\/03\/motoboyok-289x300.png\" alt=\"\" width=\"289\" height=\"300\" srcset=\"https:\/\/dmexpresso.com.br\/site\/wp-content\/uploads\/2024\/03\/motoboyok-289x300.png 289w, https:\/\/dmexpresso.com.br\/site\/wp-content\/uploads\/2024\/03\/motoboyok-986x1024.png 986w, https:\/\/dmexpresso.com.br\/site\/wp-content\/uploads\/2024\/03\/motoboyok-768x798.png 768w, https:\/\/dmexpresso.com.br\/site\/wp-content\/uploads\/2024\/03\/motoboyok-1478x1536.png 1478w, https:\/\/dmexpresso.com.br\/site\/wp-content\/uploads\/2024\/03\/motoboyok-1971x2048.png 1971w, https:\/\/dmexpresso.com.br\/site\/wp-content\/uploads\/2024\/03\/motoboyok.png 2023w\" sizes=\"auto, (max-width: 289px) 100vw, 289px\" \/>A DM EXPRESSO \u00e9 uma empresa id\u00f4nea, que trabalha com a satisfa\u00e7\u00e3o do cliente, levando at\u00e9 ele a solu\u00e7\u00e3o para as suas necessidades de entregas e coletas de documentos e mercadorias. Atuamos no ramo de transportes r\u00e1pidos, com clientes fixos e espor\u00e1dicos, tanto empresas quanto particulares. Estamos situados em Belo Horizonte, no bairro Barro Preto, e atendemos BH e regi\u00f5es metropolitanas, al\u00e9m de realizar pequenas viagens.<\/p>\n<p>Nossos servi\u00e7os s\u00e3o prestados com ve\u00edculos adequados para cada tipo de demanda: moto, triciclo e carro. Fazemos servi\u00e7os de entregas e coletas de mercadorias e documentos em bancos, cart\u00f3rios, \u00f3rg\u00e3os p\u00fablicos e privados, entre outros. Atendemos pessoas f\u00edsicas e jur\u00eddicas, com agilidade, seguran\u00e7a e qualidade.<\/p>\n<p>A DM EXPRESSO nasceu em 2010 e foi registrada em 2011, fruto da parceria entre dois amigos que tinham o objetivo de valorizar os motoboys, dando-lhes voz e participa\u00e7\u00e3o na empresa. Nossa equipe \u00e9 formada por profissionais capacitados, comprometidos e parceiros, que trabalham em um ambiente de respeito e amizade. Nossa miss\u00e3o \u00e9 levar o melhor servi\u00e7o e o melhor atendimento aos nossos clientes, superando as suas expectativas e fidelizando-os. Nossa vis\u00e3o \u00e9 ser uma empresa de refer\u00eancia no mercado de transportes r\u00e1pidos, reconhecida pela qualidade, efici\u00eancia e responsabilidade social. Nossos valores s\u00e3o a \u00e9tica, a transpar\u00eancia, a inova\u00e7\u00e3o e a sustentabilidade. Entre em contato conosco e fa\u00e7a um or\u00e7amento sem compromisso. DM EXPRESSO, a sua melhor op\u00e7\u00e3o em transportes\u00a0r\u00e1pidos.<\/p>","protected":false},"excerpt":{"rendered":"<p>A DM EXPRESSO \u00e9 uma empresa id\u00f4nea, que trabalha com a satisfa\u00e7\u00e3o do cliente, levando at\u00e9 ele a solu\u00e7\u00e3o para as suas necessidades de entregas e coletas de documentos e mercadorias. Atuamos no ramo de transportes r\u00e1pidos, com clientes fixos e espor\u00e1dicos, tanto empresas quanto particulares. Estamos situados em Belo Horizonte, no bairro Barro Preto, [&hellip;]<\/p>\n","protected":false},"author":1,"featured_media":0,"parent":0,"menu_order":0,"comment_status":"closed","ping_status":"closed","template":"","meta":{"advgb_blocks_editor_width":"","advgb_blocks_columns_visual_guide":"","_themeisle_gutenberg_block_has_review":false,"footnotes":""},"class_list":["post-20","page","type-page","status-publish","hentry"],"guten_post_layout_featured_media_urls":{"full":false,"thumbnail":false,"medium":false,"medium_large":false,"large":false,"1536x1536":false,"2048x2048":false,"ultp_layout_landscape_large":false,"ultp_layout_landscape":false,"ultp_layout_portrait":false,"ultp_layout_square":false,"guten_post_layout_landscape_large":false,"guten_post_layout_portrait_large":false,"guten_post_layout_square_large":false,"guten_post_layout_landscape":false,"guten_post_layout_portrait":false,"guten_post_layout_square":false,"coblog-1140-600":false},"coauthors":[],"author_meta":{"author_link":"https:\/\/dmexpresso.com.br\/site\/?author=1","display_name":"universo"},"relative_dates":{"created":"Posted 2 anos ago","modified":"Updated 2 anos ago"},"absolute_dates":{"created":"Posted on 12 de fevereiro de 2024","modified":"Updated on 29 de mar\u00e7o de 2024"},"absolute_dates_time":{"created":"Posted on 12 de fevereiro de 2024 10:34","modified":"Updated on 29 de mar\u00e7o de 2024 10:47"},"featured_img_caption":"","featured_img":false,"series_order":"","_links":{"self":[{"href":"https:\/\/dmexpresso.com.br\/site\/index.php?rest_route=\/wp\/v2\/pages\/20","targetHints":{"allow":["GET"]}}],"collection":[{"href":"https:\/\/dmexpresso.com.br\/site\/index.php?rest_route=\/wp\/v2\/pages"}],"about":[{"href":"https:\/\/dmexpresso.com.br\/site\/index.php?rest_route=\/wp\/v2\/types\/page"}],"author":[{"embeddable":true,"href":"https:\/\/dmexpresso.com.br\/site\/index.php?rest_route=\/wp\/v2\/users\/1"}],"replies":[{"embeddable":true,"href":"https:\/\/dmexpresso.com.br\/site\/index.php?rest_route=%2Fwp%2Fv2%2Fcomments&post=20"}],"version-history":[{"count":4,"href":"https:\/\/dmexpresso.com.br\/site\/index.php?rest_route=\/wp\/v2\/pages\/20\/revisions"}],"predecessor-version":[{"id":121,"href":"https:\/\/dmexpresso.com.br\/site\/index.php?rest_route=\/wp\/v2\/pages\/20\/revisions\/121"}],"wp:attachment":[{"href":"https:\/\/dmexpresso.com.br\/site\/index.php?rest_route=%2Fwp%2Fv2%2Fmedia&parent=20"}],"curies":[{"name":"wp","href":"https:\/\/api.w.org\/{rel}","templated":true}]}}